{"id":238,"date":"2017-08-04T08:45:59","date_gmt":"2017-08-04T08:45:59","guid":{"rendered":"http:\/\/roam.mikado-themes.com\/?page_id=238"},"modified":"2025-04-22T14:54:07","modified_gmt":"2025-04-22T12:54:07","slug":"home-5","status":"publish","type":"page","link":"https:\/\/www.tvebike.it\/","title":{"rendered":"Main Home"},"content":{"rendered":"<section class=\"wpb-content-wrapper\"><p>[vc_row row_content_width=&#8221;grid&#8221; content_text_aligment=&#8221;center&#8221; css=&#8221;.vc_custom_1736431663876{padding-top: 115px !important;padding-bottom: 20px !important;}&#8221;][vc_column width=&#8221;1\/2&#8243; offset=&#8221;vc_col-md-3&#8243;]<div class=\"mkdf-iwt clearfix  mkdf-iwt-icon-top mkdf-iwt-icon-medium\">\n\t<div class=\"mkdf-iwt-icon\">\n\t\t\t\t\t<a itemprop=\"url\" href=\"https:\/\/www.tvebike.it\/#noleggio\" target=\"_self\">\n\t\t\t\t\t\t\t\t\t    <span class=\"mkdf-icon-shortcode mkdf-circle   mkdf-icon-medium\" style=\"width: 100px;height: 100px;line-height: 100px;background-color: #ff681a\" data-color=\"#ffffff\">\n                    <span aria-hidden=\"true\" class=\"mkdf-icon-linear-icons lnr lnr-diamond mkdf-icon-element\" style=\"color: #ffffff;font-size:34px\" ><\/span>\n                            <span class=\"mkdf-icon-shortcode-hover-layer\" ><\/span>\n            \n            <\/span>\n\t\t\t\t\t\t\t\t<\/a>\n\t\t\t<\/div>\n\t<div class=\"mkdf-iwt-content\" >\n\t\t\t\t\t<h6 class=\"mkdf-iwt-title\" >\n\t\t\t\t\t\t\t\t\t<a itemprop=\"url\" href=\"https:\/\/www.tvebike.it\/#noleggio\" target=\"_self\">\n\t\t\t\t\t\t\t\t<span class=\"mkdf-iwt-title-text\">Noleggio e-bike Olympia<\/span>\n\t\t\t\t\t\t\t\t\t<\/a>\n\t\t\t\t\t\t\t<\/h6>\n\t\t\t\t\t\t\t<p class=\"mkdf-iwt-text\" >Le nostre e-bike Olympia, il massimo in termini di qualit\u00e0 e prestazioni.<\/p>\n\t\t\t<\/div>\n<\/div>[vc_empty_space height=&#8221;40px&#8221;][\/vc_column][vc_column width=&#8221;1\/2&#8243; offset=&#8221;vc_col-md-3&#8243;]<div class=\"mkdf-iwt clearfix  mkdf-iwt-icon-top mkdf-iwt-icon-medium\">\n\t<div class=\"mkdf-iwt-icon\">\n\t\t\t\t\t<a itemprop=\"url\" href=\"https:\/\/www.tvebike.it\/#negozio\" target=\"_self\">\n\t\t\t\t\t\t\t\t\t    <span class=\"mkdf-icon-shortcode mkdf-circle   mkdf-icon-medium\" style=\"width: 100px;height: 100px;line-height: 100px;background-color: #ff681a\" data-color=\"#ffffff\">\n                    <span aria-hidden=\"true\" class=\"mkdf-icon-linear-icons lnr lnr-pencil mkdf-icon-element\" style=\"color: #ffffff;font-size:34px\" ><\/span>\n                            <span class=\"mkdf-icon-shortcode-hover-layer\" ><\/span>\n            \n            <\/span>\n\t\t\t\t\t\t\t\t<\/a>\n\t\t\t<\/div>\n\t<div class=\"mkdf-iwt-content\" >\n\t\t\t\t\t<h6 class=\"mkdf-iwt-title\" >\n\t\t\t\t\t\t\t\t\t<a itemprop=\"url\" href=\"https:\/\/www.tvebike.it\/#negozio\" target=\"_self\">\n\t\t\t\t\t\t\t\t<span class=\"mkdf-iwt-title-text\">Negozio e Punto Esposizione Olympia<\/span>\n\t\t\t\t\t\t\t\t\t<\/a>\n\t\t\t\t\t\t\t<\/h6>\n\t\t\t\t\t\t\t<p class=\"mkdf-iwt-text\" >Una selezione esclusiva di e-bike Olympia, materiale tecnico e accessori di gara.<\/p>\n\t\t\t<\/div>\n<\/div>[vc_empty_space height=&#8221;40px&#8221;][\/vc_column][vc_column width=&#8221;1\/2&#8243; offset=&#8221;vc_col-md-3&#8243;]<div class=\"mkdf-iwt clearfix  mkdf-iwt-icon-top mkdf-iwt-icon-medium\">\n\t<div class=\"mkdf-iwt-icon\">\n\t\t\t\t\t<a itemprop=\"url\" href=\"https:\/\/www.tvebike.it\/#itinerari\" target=\"_self\">\n\t\t\t\t\t\t\t\t\t    <span class=\"mkdf-icon-shortcode mkdf-circle   mkdf-icon-medium\" style=\"width: 100px;height: 100px;line-height: 100px;background-color: #ff681a\" data-color=\"#ffffff\">\n                    <span aria-hidden=\"true\" class=\"mkdf-icon-linear-icons lnr lnr-star mkdf-icon-element\" style=\"color: #ffffff;font-size:34px\" ><\/span>\n                            <span class=\"mkdf-icon-shortcode-hover-layer\" ><\/span>\n            \n            <\/span>\n\t\t\t\t\t\t\t\t<\/a>\n\t\t\t<\/div>\n\t<div class=\"mkdf-iwt-content\" >\n\t\t\t\t\t<h6 class=\"mkdf-iwt-title\" >\n\t\t\t\t\t\t\t\t\t<a itemprop=\"url\" href=\"https:\/\/www.tvebike.it\/#itinerari\" target=\"_self\">\n\t\t\t\t\t\t\t\t<span class=\"mkdf-iwt-title-text\">Itinerari Personalizzati<\/span>\n\t\t\t\t\t\t\t\t\t<\/a>\n\t\t\t\t\t\t\t<\/h6>\n\t\t\t\t\t\t\t<p class=\"mkdf-iwt-text\" >I tesori nascosti dell\u2019Umbria con i nostri itinerari personalizzati.<\/p>\n\t\t\t<\/div>\n<\/div>[vc_empty_space height=&#8221;40px&#8221;][\/vc_column][vc_column width=&#8221;1\/2&#8243; offset=&#8221;vc_col-md-3&#8243;]<div class=\"mkdf-iwt clearfix  mkdf-iwt-icon-top mkdf-iwt-icon-medium\">\n\t<div class=\"mkdf-iwt-icon\">\n\t\t\t\t\t<a itemprop=\"url\" href=\"https:\/\/www.tvebike.it\/#circuito\" target=\"_self\">\n\t\t\t\t\t\t\t\t\t    <span class=\"mkdf-icon-shortcode mkdf-circle   mkdf-icon-medium\" style=\"width: 100px;height: 100px;line-height: 100px;background-color: #ff681a\" data-color=\"#ffffff\">\n                    <span aria-hidden=\"true\" class=\"mkdf-icon-linear-icons lnr lnr-map-marker mkdf-icon-element\" style=\"color: #ffffff;font-size:34px\" ><\/span>\n                            <span class=\"mkdf-icon-shortcode-hover-layer\" ><\/span>\n            \n            <\/span>\n\t\t\t\t\t\t\t\t<\/a>\n\t\t\t<\/div>\n\t<div class=\"mkdf-iwt-content\" >\n\t\t\t\t\t<h6 class=\"mkdf-iwt-title\" >\n\t\t\t\t\t\t\t\t\t<a itemprop=\"url\" href=\"https:\/\/www.tvebike.it\/#circuito\" target=\"_self\">\n\t\t\t\t\t\t\t\t<span class=\"mkdf-iwt-title-text\">Circuito Privato<\/span>\n\t\t\t\t\t\t\t\t\t<\/a>\n\t\t\t\t\t\t\t<\/h6>\n\t\t\t\t\t\t\t<p class=\"mkdf-iwt-text\" >Circuito esclusivo, immerso in 200 ettari di meraviglia naturale.<\/p>\n\t\t\t<\/div>\n<\/div>[vc_empty_space height=&#8221;40px&#8221;][\/vc_column][\/vc_row][vc_row][vc_column]<div class=\"mkdf-video-button-holder \">\n\t<div class=\"mkdf-video-button-image\">\n\t\t<img loading=\"lazy\" decoding=\"async\" width=\"1920\" height=\"736\" src=\"https:\/\/www.tvebike.it\/wp-content\/uploads\/2025\/01\/fabian-luethard-hwMNghJILXk-unsplash-scaled-e1736426193294.jpg\" class=\"attachment-full size-full\" alt=\"\" srcset=\"https:\/\/www.tvebike.it\/wp-content\/uploads\/2025\/01\/fabian-luethard-hwMNghJILXk-unsplash-scaled-e1736426193294.jpg 1920w, https:\/\/www.tvebike.it\/wp-content\/uploads\/2025\/01\/fabian-luethard-hwMNghJILXk-unsplash-scaled-e1736426193294-300x115.jpg 300w, https:\/\/www.tvebike.it\/wp-content\/uploads\/2025\/01\/fabian-luethard-hwMNghJILXk-unsplash-scaled-e1736426193294-1024x393.jpg 1024w, https:\/\/www.tvebike.it\/wp-content\/uploads\/2025\/01\/fabian-luethard-hwMNghJILXk-unsplash-scaled-e1736426193294-768x294.jpg 768w, https:\/\/www.tvebike.it\/wp-content\/uploads\/2025\/01\/fabian-luethard-hwMNghJILXk-unsplash-scaled-e1736426193294-1536x589.jpg 1536w, https:\/\/www.tvebike.it\/wp-content\/uploads\/2025\/01\/fabian-luethard-hwMNghJILXk-unsplash-scaled-e1736426193294-600x230.jpg 600w\" sizes=\"auto, (max-width: 1920px) 100vw, 1920px\" \/>\t<\/div>\n\t\t\t<a class=\"mkdf-video-button-play-image \" href=\"https:\/\/youtu.be\/RMX5j53dwBU?si=BTW9Ep2hq6zBh-cQ\" target=\"_self\" data-rel=\"prettyPhoto[video_button_pretty_photo_788]\">\n\t\t\t<span class=\"mkdf-video-button-play-inner\">\n\t\t\t\t<img loading=\"lazy\" decoding=\"async\" width=\"116\" height=\"116\" src=\"https:\/\/www.tvebike.it\/wp-content\/uploads\/2017\/08\/h5-custom-video-play-button.png\" class=\"attachment-full size-full\" alt=\"a\" srcset=\"https:\/\/www.tvebike.it\/wp-content\/uploads\/2017\/08\/h5-custom-video-play-button.png 116w, https:\/\/www.tvebike.it\/wp-content\/uploads\/2017\/08\/h5-custom-video-play-button-100x100.png 100w\" sizes=\"auto, (max-width: 116px) 100vw, 116px\" \/>\t\t\t\t\t\t\t<\/span>\n\t\t<\/a>\n\t<\/div>[\/vc_column][\/vc_row][vc_row css=&#8221;.vc_custom_1736778839363{padding-top: 50px !important;padding-bottom: 115px !important;}&#8221; el_id=&#8221;noleggio&#8221;][vc_column]<div class=\"mkdf-elements-holder   mkdf-one-column  mkdf-responsive-mode-768 \" ><div class=\"mkdf-eh-item    \"  data-item-class=\"mkdf-eh-custom-8272\" data-680-768=\"0px 50px\" data-680=\"0px 30px\">\n\t<div class=\"mkdf-eh-item-inner\">\n\t\t<div class=\"mkdf-eh-item-content mkdf-eh-custom-8272\" style=\"padding: 0px 95px\">\n\t\t\t<div class=\"mkdf-section-title-holder  \" style=\"text-align: center\">\n\t<div class=\"mkdf-st-inner\">\n\t\t\t\t\t\t\t<h2 class=\"mkdf-st-title\" >\n\t\t\t\tNoleggio e-bike Olympia\t\t\t<\/h2>\n\t\t\t\t\t\t\t<p class=\"mkdf-st-text\" >\n\t\t\t\tPreparati a scoprire Pietralunga e l\u2019Umbria come non hai mai fatto prima, con le nostre e-bike Olympia, il massimo in termini di qualit\u00e0 e prestazioni. Sia che tu voglia affrontare una sfida sportiva o immergerti nei paesaggi naturali, le nostre bici elettriche sono pronte a trasformare ogni uscita in un\u2019avventura indimenticabile.\t\t\t<\/p>\n\t\t\t<\/div>\n<\/div><div class=\"mkdf-section-title-holder  \" style=\"text-align: center\">\n\t<div class=\"mkdf-st-inner\">\n\t\t\t\t\t\t\t\t\t<p class=\"mkdf-st-text\" >\n\t\t\t\tSali in sella alle nostre e-bike Olympia e vivi un\u2019esperienza straordinaria tra i paesaggi incantati di Pietralunga e dell\u2019Umbria. Con prestazioni al top e comfort eccezionale, le nostre bici sono ideali sia per gli amanti dello sport che per chi cerca relax a contatto con la natura.Con il nostro servizio, tu pensa solo a pedalare: noi ci occupiamo di tutto il resto per offrirti un viaggio indimenticabile.\t\t\t<\/p>\n\t\t\t<\/div>\n<\/div>[vc_empty_space height=&#8221;53px&#8221;][vc_masonry_media_grid grid_id=&#8221;vc_gid:1745326428640-87a19b0a-e2a7-2&#8243; include=&#8221;6303,6298,6300,6310,6305&#8243;]\t\t<\/div>\n\t<\/div>\n<\/div><\/div>[\/vc_column][\/vc_row][vc_row row_content_width=&#8221;grid&#8221; parallax_background_image=&#8221;6292&#8243; css=&#8221;.vc_custom_1736778875356{padding-top: 77px !important;padding-bottom: 107px !important;}&#8221; el_id=&#8221;negozio&#8221;][vc_column]<div class=\"mkdf-elements-holder   mkdf-two-columns  mkdf-responsive-mode-1024 \" ><div class=\"mkdf-eh-item    \"  data-item-class=\"mkdf-eh-custom-7959\">\n\t<div class=\"mkdf-eh-item-inner\">\n\t\t<div class=\"mkdf-eh-item-content mkdf-eh-custom-7959\" style=\"padding: 0\">\n\t\t\t[vc_column_text]<\/p>\n<h2><span style=\"color: #ffffff;\">Negozio e Punto Esposizione Olympia<br \/>\n<\/span><\/h2>\n<p>[\/vc_column_text][vc_column_text]<\/p>\n<h5><span style=\"color: #ffffff;\"> Visita il nostro negozio per scoprire una selezione esclusiva di e-bike Olympia, materiale tecnico e accessori di gara. <\/span><\/h5>\n<p>[\/vc_column_text][vc_empty_space height=&#8221;20px&#8221;][vc_column_text]<span style=\"color: #ffffff;\">Qui troverai tutto il necessario per vivere al meglio la tua passione per il ciclismo.<br \/>\n<\/span><\/p>\n<h5><\/h5>\n<h5><\/h5>\n<p>[\/vc_column_text][vc_empty_space height=&#8221;17px&#8221;]<a itemprop=\"url\" href=\"https:\/\/www.tvebike.it\/#form\" target=\"_self\" style=\"color: #ff681a;background-color: #ffffff\" class=\"mkdf-btn mkdf-btn-large mkdf-btn-solid\"  >\n    <span class=\"mkdf-btn-text\">Richiedi informazioni<\/span>\n    <\/a>\t\t<\/div>\n\t<\/div>\n<\/div><\/div>[\/vc_column][\/vc_row][vc_row row_content_width=&#8221;grid&#8221; css=&#8221;.vc_custom_1736778595997{padding-top: 105px !important;padding-bottom: 110px !important;}&#8221; simple_background_color=&#8221;#ff681a&#8221; el_id=&#8221;itinerari&#8221;][vc_column]<div class=\"mkdf-elements-holder   mkdf-five-columns  mkdf-responsive-mode-1024 \" ><div class=\"mkdf-eh-item   mkdf-horizontal-alignment-center \"  data-item-class=\"mkdf-eh-custom-8003\"   data-768-1024=\"0 0 40px\" data-680-768=\"0 0 40px\" data-680=\"0 0 0\">\n\t<div class=\"mkdf-eh-item-inner\">\n\t\t<div class=\"mkdf-eh-item-content mkdf-eh-custom-8003\" style=\"padding: 0\">\n\t\t\t[vc_column_text]<\/p>\n<h2><span style=\"color: #ffffff;\">Itinerari Personalizzati <\/span><\/h2>\n<p>[\/vc_column_text][vc_column_text]<\/p>\n<h5><span style=\"color: #ffffff;\"> Lasciati guidare verso i tesori nascosti dell\u2019Umbria con i nostri itinerari personalizzati, creati appositamente per offrirti il meglio del nostro territorio. <\/span><\/h5>\n<p>[\/vc_column_text][vc_column_text]<span style=\"color: #ffffff;\">I percorsi, adatti a ogni livello di esperienza, ti condurranno tra paesaggi mozzafiato, antichi borghi, sentieri nel verde e viste panoramiche che ti lasceranno senza parole.<br \/>\nChe tu preferisca un tour rilassante tra dolci colline o un\u2019avventura pi\u00f9 impegnativa sui sentieri della natura incontaminata, i nostri itinerari sono studiati per soddisfare ogni tua esigenza. Grazie alla nostra conoscenza del territorio, ti garantiamo un\u2019esperienza autentica e indimenticabile, alla scoperta di una regione ricca di storia, cultura e bellezze naturali.<br \/>\n<\/span><\/p>\n<h5><\/h5>\n<h5><\/h5>\n<p>[\/vc_column_text]\t\t<\/div>\n\t<\/div>\n<\/div><\/div>[\/vc_column][\/vc_row][vc_row row_content_width=&#8221;grid&#8221; css=&#8221;.vc_custom_1736778942839{padding-top: 104px !important;padding-bottom: 53px !important;}&#8221; el_id=&#8221;circuito&#8221;][vc_column]<div class=\"mkdf-elements-holder   mkdf-five-columns  mkdf-responsive-mode-1024 \" ><div class=\"mkdf-eh-item   mkdf-horizontal-alignment-center \"  data-item-class=\"mkdf-eh-custom-7062\"   data-768-1024=\"0 0 40px\" data-680-768=\"0 0 40px\" data-680=\"0 0 40px\">\n\t<div class=\"mkdf-eh-item-inner\">\n\t\t<div class=\"mkdf-eh-item-content mkdf-eh-custom-7062\" style=\"padding: 0\">\n\t\t\t<div class=\"mkdf-section-title-holder  \" style=\"text-align: center\">\n\t<div class=\"mkdf-st-inner\">\n\t\t\t\t\t<h5 class=\"mkdf-st-subtitle\" >\n\t\t\t\tUmbria E-Bike\t\t\t<\/h5>\n\t\t\t\t\t\t\t<h2 class=\"mkdf-st-title\" >\n\t\t\t\tCircuito Privato\t\t\t<\/h2>\n\t\t\t\t\t\t\t<p class=\"mkdf-st-text\" >\n\t\t\t\tScopri la bellezza incontaminata del nostro circuito esclusivo, immerso in 200 ettari di meraviglia naturale. Tra boschi rigogliosi, oliveti e noccioleti, ogni pedalata sar\u00e0 un\u2019esperienza unica e autentica.\t\t\t<\/p>\n\t\t\t<\/div>\n<\/div><div class=\"mkdf-section-title-holder  \" style=\"text-align: center\">\n\t<div class=\"mkdf-st-inner\">\n\t\t\t\t\t\t\t\t\t<p class=\"mkdf-st-text\" >\n\t\t\t\tQuesto percorso privato, ti offre la possibilit\u00e0 di esplorare la natura umbra lontano dalla folla, in totale tranquillit\u00e0. Che tu voglia sfidare te stesso o semplicemente rilassarti, il nostro circuito \u00e8 il luogo perfetto per rigenerarti e vivere un\u2019avventura indimenticabile.\t\t\t<\/p>\n\t\t\t<\/div>\n<\/div>\t\t<\/div>\n\t<\/div>\n<\/div><\/div>[\/vc_column][\/vc_row][vc_row][vc_column]<div class=\"mkdf-elements-holder   mkdf-one-column  mkdf-responsive-mode-768 \" ><div class=\"mkdf-eh-item    \"  data-item-class=\"mkdf-eh-custom-1892\" data-680-768=\"0 51px 95px\" data-680=\"0 29px 95px\">\n\t<div class=\"mkdf-eh-item-inner\">\n\t\t<div class=\"mkdf-eh-item-content mkdf-eh-custom-1892\" style=\"padding: 0 95px 115px\">\n\t\t\t[vc_masonry_media_grid grid_id=&#8221;vc_gid:1745326428641-e7af43b4-0004-2&#8243; include=&#8221;6375,6374,6373,6372,6371,6369,6368,6366,6365,6364,6363,6315&#8243;]\t\t<\/div>\n\t<\/div>\n<\/div><\/div>[\/vc_column][\/vc_row][vc_row row_content_width=&#8221;grid&#8221; css=&#8221;.vc_custom_1736778638860{padding-top: 50px !important;padding-bottom: 50px !important;}&#8221; simple_background_color=&#8221;#ff681a&#8221;][vc_column]<div class=\"mkdf-elements-holder   mkdf-five-columns  mkdf-responsive-mode-1024 \" ><div class=\"mkdf-eh-item   mkdf-horizontal-alignment-center \"  data-item-class=\"mkdf-eh-custom-8023\"   data-768-1024=\"0 0 40px\" data-680-768=\"0 0 40px\" data-680=\"0 0 40px\">\n\t<div class=\"mkdf-eh-item-inner\">\n\t\t<div class=\"mkdf-eh-item-content mkdf-eh-custom-8023\" style=\"padding: 0\">\n\t\t\t[vc_column_text]<\/p>\n<h2><span style=\"color: #ffffff;\">Richiedi informazioni<\/span><\/h2>\n<p>&nbsp;<\/p>\n<p>[\/vc_column_text][vc_column_text]<span style=\"color: #ffffff;\">Immagina di pedalare immerso in ettari di pura meraviglia: boschi rigogliosi, oliveti, noccioleti che raccontano la storia della nostra terra. Il nostro circuito privato ti offre tutto questo, un paradiso naturale.Perfetto per chi cerca avventura, relax o semplicemente un momento speciale lontano dal caos, il circuito \u00e8 il luogo ideale per vivere la natura a ritmo di pedali. Preparati a scoprire un angolo di Umbria che pochi hanno il privilegio di esplorare!<\/span><\/p>\n<p>&nbsp;<\/p>\n<h5><\/h5>\n<h5><\/h5>\n<p>[\/vc_column_text]\t\t<\/div>\n\t<\/div>\n<\/div><\/div>[\/vc_column][\/vc_row][vc_row css=&#8221;.vc_custom_1736788262237{padding-top: 0px !important;padding-bottom: 0px !important;}&#8221;][vc_column css=&#8221;.vc_custom_1745326445043{padding-top: 20px !important;}&#8221;]<div class=\"mkdf-elements-holder   mkdf-one-column  mkdf-responsive-mode-768 \" ><div class=\"mkdf-eh-item   mkdf-horizontal-alignment-center \"  data-item-class=\"mkdf-eh-custom-9661\" data-1280-1600=\"0 19% 73px\" data-1024-1280=\"0 17% 73px\" data-768-1024=\"0 8% 73px\" data-680-768=\"0 7% 73px\" data-680=\"50px 3% 50px\">\n\t<div class=\"mkdf-eh-item-inner\">\n\t\t<div class=\"mkdf-eh-item-content mkdf-eh-custom-9661\" style=\"padding: 63px 30% 63px\">\n\t\t\t\n<div class=\"wpcf7 no-js\" id=\"wpcf7-f1344-o1\" lang=\"en-US\" dir=\"ltr\" data-wpcf7-id=\"1344\">\n<div class=\"screen-reader-response\"><p role=\"status\" aria-live=\"polite\" aria-atomic=\"true\"><\/p> <ul><\/ul><\/div>\n<form action=\"\/index.php\/wp-json\/wp\/v2\/pages\/238#wpcf7-f1344-o1\" method=\"post\" class=\"wpcf7-form init\" aria-label=\"Contact form\" novalidate=\"novalidate\" data-status=\"init\">\n<div style=\"display: none;\">\n<input type=\"hidden\" name=\"_wpcf7\" value=\"1344\" \/>\n<input type=\"hidden\" name=\"_wpcf7_version\" value=\"6.0.6\" \/>\n<input type=\"hidden\" name=\"_wpcf7_locale\" value=\"en_US\" \/>\n<input type=\"hidden\" name=\"_wpcf7_unit_tag\" value=\"wpcf7-f1344-o1\" \/>\n<input type=\"hidden\" name=\"_wpcf7_container_post\" value=\"0\" \/>\n<input type=\"hidden\" name=\"_wpcf7_posted_data_hash\" value=\"\" \/>\n<\/div>\n<div class=\"mkdf-two-columns-form-without-space\">\n\t<div class=\"mkdf-grid-col-6\">\n\t\t<p><span class=\"wpcf7-form-control-wrap\" data-name=\"your-name\"><input size=\"40\" maxlength=\"400\" class=\"wpcf7-form-control wpcf7-text\" aria-invalid=\"false\" placeholder=\"Nome\" value=\"\" type=\"text\" name=\"your-name\" \/><\/span>\n\t\t<\/p>\n\t<\/div>\n\t<div class=\"mkdf-grid-col-6\">\n\t\t<p><span class=\"wpcf7-form-control-wrap\" data-name=\"your-email\"><input size=\"40\" maxlength=\"400\" class=\"wpcf7-form-control wpcf7-text wpcf7-validates-as-required\" aria-required=\"true\" aria-invalid=\"false\" placeholder=\"Email*\" value=\"\" type=\"text\" name=\"your-email\" \/><\/span>\n\t\t<\/p>\n\t<\/div>\n\t<div class=\"mkdf-grid-col-12\">\n\t\t<p><span class=\"wpcf7-form-control-wrap\" data-name=\"your-subject\"><input size=\"40\" maxlength=\"400\" class=\"wpcf7-form-control wpcf7-text wpcf7-validates-as-required\" aria-required=\"true\" aria-invalid=\"false\" placeholder=\"Oggetto\" value=\"\" type=\"text\" name=\"your-subject\" \/><\/span>\n\t\t<\/p>\n\t<\/div>\n\t<div class=\"mkdf-grid-col-12\">\n\t\t<p><span class=\"wpcf7-form-control-wrap\" data-name=\"your-message\"><textarea cols=\"40\" rows=\"10\" maxlength=\"2000\" class=\"wpcf7-form-control wpcf7-textarea wpcf7-validates-as-required\" aria-required=\"true\" aria-invalid=\"false\" placeholder=\"Messaggio\" name=\"your-message\"><\/textarea><\/span><br \/>\n<span class=\"wpcf7-form-control-wrap\" data-name=\"acceptance-322\"><span class=\"wpcf7-form-control wpcf7-acceptance optional\"><span class=\"wpcf7-list-item\"><label><input type=\"checkbox\" name=\"acceptance-322\" value=\"1\" aria-invalid=\"false\" \/><span class=\"wpcf7-list-item-label\">Ai sensi della legge 2016\/679 (\"GDPR\") sulla tutela della privacy, si conferma di aver letto l'informativa alla seguente <a href=\"#\">pagina<\/a> e si autorizza il trattamento dei dati personali inviati.<\/span><\/label><\/span><\/span><\/span><br \/>\n<input class=\"wpcf7-form-control wpcf7-submit has-spinner mkdf-cf7-full-width\" type=\"submit\" value=\"Invia\" \/>\n\t\t<\/p>\n\t<\/div>\n<\/div><div class=\"wpcf7-response-output\" aria-hidden=\"true\"><\/div>\n<\/form>\n<\/div>\n\t\t<\/div>\n\t<\/div>\n<\/div><\/div>[\/vc_column][\/vc_row]<\/p>\n<\/section>","protected":false},"excerpt":{"rendered":"<p>[vc_row row_content_width=&#8221;grid&#8221; content_text_aligment=&#8221;center&#8221; css=&#8221;.vc_custom_1736431663876{padding-top: 115px !important;padding-bottom: 20px !important;}&#8221;][vc_column width=&#8221;1\/2&#8243; offset=&#8221;vc_col-md-3&#8243;][vc_empty_space height=&#8221;40px&#8221;][\/vc_column][vc_column width=&#8221;1\/2&#8243; offset=&#8221;vc_col-md-3&#8243;][vc_empty_space height=&#8221;40px&#8221;][\/vc_column][vc_column width=&#8221;1\/2&#8243; offset=&#8221;vc_col-md-3&#8243;][vc_empty_space height=&#8221;40px&#8221;][\/vc_column][vc_column width=&#8221;1\/2&#8243; offset=&#8221;vc_col-md-3&#8243;][vc_empty_space height=&#8221;40px&#8221;][\/vc_column][\/vc_row][vc_row][vc_column][\/vc_column][\/vc_row][vc_row css=&#8221;.vc_custom_1736778839363{padding-top: 50px !important;padding-bottom: 115px !important;}&#8221; el_id=&#8221;noleggio&#8221;][vc_column][\/vc_column][\/vc_row][vc_row row_content_width=&#8221;grid&#8221; parallax_background_image=&#8221;6292&#8243; css=&#8221;.vc_custom_1736778875356{padding-top: 77px !important;padding-bottom: 107px !important;}&#8221; el_id=&#8221;negozio&#8221;][vc_column][\/vc_column][\/vc_row][vc_row row_content_width=&#8221;grid&#8221; css=&#8221;.vc_custom_1736778595997{padding-top: 105px !important;padding-bottom: 110px !important;}&#8221; simple_background_color=&#8221;#ff681a&#8221; el_id=&#8221;itinerari&#8221;][vc_column][\/vc_column][\/vc_row][vc_row row_content_width=&#8221;grid&#8221; css=&#8221;.vc_custom_1736778942839{padding-top: 104px !important;padding-bottom: 53px !important;}&#8221; el_id=&#8221;circuito&#8221;][vc_column][\/vc_column][\/vc_row][vc_row][vc_column][\/vc_column][\/vc_row][vc_row row_content_width=&#8221;grid&#8221; css=&#8221;.vc_custom_1736778638860{padding-top: 50px !important;padding-bottom: 50px !important;}&#8221; simple_background_color=&#8221;#ff681a&#8221;][vc_column][\/vc_column][\/vc_row][vc_row css=&#8221;.vc_custom_1736788262237{padding-top: 0px !important;padding-bottom: 0px !important;}&#8221;][vc_column css=&#8221;.vc_custom_1745326445043{padding-top: 20px !important;}&#8221;][\/vc_column][\/vc_row]<\/p>\n","protected":false},"author":1,"featured_media":0,"parent":0,"menu_order":0,"comment_status":"closed","ping_status":"closed","template":"full-width.php","meta":{"footnotes":""},"class_list":["post-238","page","type-page","status-publish","hentry"],"_links":{"self":[{"href":"https:\/\/www.tvebike.it\/index.php\/wp-json\/wp\/v2\/pages\/238","targetHints":{"allow":["GET"]}}],"collection":[{"href":"https:\/\/www.tvebike.it\/index.php\/wp-json\/wp\/v2\/pages"}],"about":[{"href":"https:\/\/www.tvebike.it\/index.php\/wp-json\/wp\/v2\/types\/page"}],"author":[{"embeddable":true,"href":"https:\/\/www.tvebike.it\/index.php\/wp-json\/wp\/v2\/users\/1"}],"replies":[{"embeddable":true,"href":"https:\/\/www.tvebike.it\/index.php\/wp-json\/wp\/v2\/comments?post=238"}],"version-history":[{"count":97,"href":"https:\/\/www.tvebike.it\/index.php\/wp-json\/wp\/v2\/pages\/238\/revisions"}],"predecessor-version":[{"id":6555,"href":"https:\/\/www.tvebike.it\/index.php\/wp-json\/wp\/v2\/pages\/238\/revisions\/6555"}],"wp:attachment":[{"href":"https:\/\/www.tvebike.it\/index.php\/wp-json\/wp\/v2\/media?parent=238"}],"curies":[{"name":"wp","href":"https:\/\/api.w.org\/{rel}","templated":true}]}}